{"id":373,"date":"2025-04-02T17:34:16","date_gmt":"2025-04-02T17:34:16","guid":{"rendered":"https:\/\/rbl5116b.mmiweb.iut-tlse3.fr\/?page_id=373"},"modified":"2025-04-02T23:09:45","modified_gmt":"2025-04-02T23:09:45","slug":"qui-sommes-nous","status":"publish","type":"page","link":"https:\/\/rbl5116b.mmiweb.iut-tlse3.fr\/StudLR\/qui-sommes-nous\/","title":{"rendered":"Qui sommes nous ?"},"content":{"rendered":"\t\t<div data-elementor-type=\"wp-page\" data-elementor-id=\"373\" class=\"elementor elementor-373\" data-elementor-post-type=\"page\">\n\t\t\t\t<div class=\"elementor-element elementor-element-4a14e16 e-con-full e-flex e-con e-parent\" data-id=\"4a14e16\" data-element_type=\"container\" data-e-type=\"container\">\n\t\t\t\t<div class=\"elementor-element elementor-element-fd3313e elementor-widget elementor-widget-image\" data-id=\"fd3313e\" data-element_type=\"widget\" data-e-type=\"widget\" data-widget_type=\"image.default\">\n\t\t\t\t<div class=\"elementor-widget-container\">\n\t\t\t\t\t\t\t\t\t\t\t\t\t\t\t<img alt=\"\" fetchpriority=\"high\" decoding=\"async\" width=\"1536\" height=\"1024\" src=\"https:\/\/rbl5116b.mmiweb.iut-tlse3.fr\/wp-content\/uploads\/2025\/04\/ChatGPT-Image-3-avr.-2025-00_50_16.png\" class=\"attachment-full size-full wp-image-536\" alt=\"\" srcset=\"https:\/\/rbl5116b.mmiweb.iut-tlse3.fr\/wp-content\/uploads\/2025\/04\/ChatGPT-Image-3-avr.-2025-00_50_16.png 1536w, https:\/\/rbl5116b.mmiweb.iut-tlse3.fr\/wp-content\/uploads\/2025\/04\/ChatGPT-Image-3-avr.-2025-00_50_16-300x200.png 300w, https:\/\/rbl5116b.mmiweb.iut-tlse3.fr\/wp-content\/uploads\/2025\/04\/ChatGPT-Image-3-avr.-2025-00_50_16-1024x683.png 1024w, https:\/\/rbl5116b.mmiweb.iut-tlse3.fr\/wp-content\/uploads\/2025\/04\/ChatGPT-Image-3-avr.-2025-00_50_16-768x512.png 768w\" sizes=\"(max-width: 1536px) 100vw, 1536px\" \/>\t\t\t\t\t\t\t\t\t\t\t\t\t\t\t<\/div>\n\t\t\t\t<\/div>\n\t\t\t\t<\/div>\n\t\t<div class=\"elementor-element elementor-element-d0a24e5 e-flex e-con-boxed e-con e-parent\" data-id=\"d0a24e5\" data-element_type=\"container\" data-e-type=\"container\">\n\t\t\t\t\t<div class=\"e-con-inner\">\n\t\t\t\t<div class=\"elementor-element elementor-element-dbba0be elementor-widget elementor-widget-text-editor\" data-id=\"dbba0be\" data-element_type=\"widget\" data-e-type=\"widget\" data-widget_type=\"text-editor.default\">\n\t\t\t\t<div class=\"elementor-widget-container\">\n\t\t\t\t\t\t\t\t\t<div><h2 data-start=\"194\" data-end=\"215\" style=\"font-family: -apple-system, BlinkMacSystemFont, &quot;Segoe UI&quot;, Roboto, &quot;Helvetica Neue&quot;, Arial, &quot;Noto Sans&quot;, sans-serif, &quot;Apple Color Emoji&quot;, &quot;Segoe UI Emoji&quot;, &quot;Segoe UI Symbol&quot;, &quot;Noto Color Emoji&quot;; color: rgb(255, 255, 255);\">Qui sommes-nous ?<\/h2><p data-start=\"217\" data-end=\"538\">Bienvenue chez&nbsp;<span data-start=\"232\" data-end=\"243\" style=\"font-weight: bolder;\">Stud&rsquo;LR<\/span>, studio d\u2019enregistrement urbain fond\u00e9 \u00e0 Toulouse en&nbsp;<span data-start=\"296\" data-end=\"318\" style=\"font-weight: bolder;\">d\u00e9but d\u2019ann\u00e9e 2024<\/span>.<br data-start=\"319\" data-end=\"322\">Nich\u00e9 au c\u0153ur de la ville rose, au&nbsp;<span data-start=\"357\" data-end=\"383\" style=\"font-weight: bolder;\">42 rue de la R\u00e9sonance<\/span>, le studio a \u00e9t\u00e9 cr\u00e9\u00e9 par un passionn\u00e9 de musique anim\u00e9 par un seul objectif :&nbsp;<span data-start=\"463\" data-end=\"537\" style=\"font-weight: bolder;\">offrir \u00e0 tous les artistes un lieu accessible, de qualit\u00e9 et inspirant<\/span>.<\/p><h3 data-start=\"545\" data-end=\"598\" style=\"font-family: -apple-system, BlinkMacSystemFont, &quot;Segoe UI&quot;, Roboto, &quot;Helvetica Neue&quot;, Arial, &quot;Noto Sans&quot;, sans-serif, &quot;Apple Color Emoji&quot;, &quot;Segoe UI Emoji&quot;, &quot;Segoe UI Symbol&quot;, &quot;Noto Color Emoji&quot;; color: rgb(255, 255, 255);\">Une vision simple : enregistrer sans compromis<\/h3><p data-start=\"600\" data-end=\"858\">Chez&nbsp;<span data-start=\"605\" data-end=\"616\" style=\"font-weight: bolder;\">Stud&rsquo;LR<\/span>, on part d\u2019un principe clair :&nbsp;<span data-start=\"648\" data-end=\"686\" style=\"font-weight: bolder;\">tout le monde m\u00e9rite un son propre<\/span>.<br data-start=\"687\" data-end=\"690\">Que tu sois rappeur, beatmaker ou podcasteur, tu trouveras ici&nbsp;<span data-start=\"753\" data-end=\"797\" style=\"font-weight: bolder;\">un espace calme, professionnel et humain<\/span>, o\u00f9 poser ta voix ou tes prods avec confort et efficacit\u00e9.<\/p><p data-start=\"860\" data-end=\"1018\">Pas besoin d\u2019un label ou d\u2019un gros budget pour t\u2019exprimer. Tu viens comme tu es, avec ton univers, ton \u00e9nergie, et on t\u2019offre les conditions pour l\u2019amplifier.<\/p><h3 data-start=\"1025\" data-end=\"1059\" style=\"font-family: -apple-system, BlinkMacSystemFont, &quot;Segoe UI&quot;, Roboto, &quot;Helvetica Neue&quot;, Arial, &quot;Noto Sans&quot;, sans-serif, &quot;Apple Color Emoji&quot;, &quot;Segoe UI Emoji&quot;, &quot;Segoe UI Symbol&quot;, &quot;Noto Color Emoji&quot;; color: rgb(255, 255, 255);\">Un studio con\u00e7u par passion<\/h3><p data-start=\"1061\" data-end=\"1325\">Je m\u2019appelle&nbsp;<span data-start=\"1074\" data-end=\"1081\" style=\"font-weight: bolder;\">L\u00e9o<\/span>, mais dans le son, on me conna\u00eet sous le nom de&nbsp;<span data-start=\"1130\" data-end=\"1139\" style=\"font-weight: bolder;\">WyZax<\/span>.<br data-start=\"1140\" data-end=\"1143\">Depuis petit, la musique me suit comme un fil rouge. Avec le temps, j\u2019ai construit ce studio&nbsp;<span data-start=\"1236\" data-end=\"1324\" style=\"font-weight: bolder;\">petit \u00e0 petit, avec mes moyens, ma passion et mon envie de cr\u00e9er un lieu \u00e0 mon image<\/span>.<\/p><p data-start=\"1327\" data-end=\"1429\">Aujourd\u2019hui,&nbsp;<span data-start=\"1340\" data-end=\"1351\" style=\"font-weight: bolder;\">Stud&rsquo;LR<\/span>&nbsp;est \u00e9quip\u00e9 de tout ce qu\u2019il faut pour te permettre de produire s\u00e9rieusement :<\/p><ul data-start=\"1430\" data-end=\"1575\" style=\"font-size: 16px; background-color: rgb(19, 18, 17);\"><li data-start=\"1430\" data-end=\"1450\" style=\"font-size: 16px;\"><p data-start=\"1432\" data-end=\"1450\">Cabine insonoris\u00e9e<\/p><\/li><li data-start=\"1451\" data-end=\"1481\" style=\"font-size: 16px;\"><p data-start=\"1453\" data-end=\"1481\">Micros studio professionnels<\/p><\/li><li data-start=\"1482\" data-end=\"1507\" style=\"font-size: 16px;\"><p data-start=\"1484\" data-end=\"1507\">Carte son haut de gamme<\/p><\/li><li data-start=\"1508\" data-end=\"1532\" style=\"font-size: 16px;\"><p data-start=\"1510\" data-end=\"1532\">Moniteurs de pr\u00e9cision<\/p><\/li><li data-start=\"1533\" data-end=\"1575\" style=\"font-size: 16px;\"><p data-start=\"1535\" data-end=\"1575\">Logiciels pro (FL Studio, Ableton, etc.)<\/p><\/li><\/ul><\/div>\t\t\t\t\t\t\t\t<\/div>\n\t\t\t\t<\/div>\n\t\t\t\t\t<\/div>\n\t\t\t\t<\/div>\n\t\t<div class=\"elementor-element elementor-element-907fce5 e-grid e-con-boxed e-con e-parent\" data-id=\"907fce5\" data-element_type=\"container\" data-e-type=\"container\">\n\t\t\t\t\t<div class=\"e-con-inner\">\n\t\t\t\t<div class=\"elementor-element elementor-element-5ec21af elementor-widget elementor-widget-image\" data-id=\"5ec21af\" data-element_type=\"widget\" data-e-type=\"widget\" data-widget_type=\"image.default\">\n\t\t\t\t<div class=\"elementor-widget-container\">\n\t\t\t\t\t\t\t\t\t\t\t\t\t\t\t<img alt=\"\" decoding=\"async\" width=\"1536\" height=\"763\" src=\"https:\/\/rbl5116b.mmiweb.iut-tlse3.fr\/wp-content\/uploads\/2025\/04\/ChatGPT-Image-2-avr.-2025-23_29_58-e1743629806807.png\" class=\"attachment-full size-full wp-image-518\" alt=\"\" srcset=\"https:\/\/rbl5116b.mmiweb.iut-tlse3.fr\/wp-content\/uploads\/2025\/04\/ChatGPT-Image-2-avr.-2025-23_29_58-e1743629806807.png 1536w, https:\/\/rbl5116b.mmiweb.iut-tlse3.fr\/wp-content\/uploads\/2025\/04\/ChatGPT-Image-2-avr.-2025-23_29_58-e1743629806807-300x149.png 300w, https:\/\/rbl5116b.mmiweb.iut-tlse3.fr\/wp-content\/uploads\/2025\/04\/ChatGPT-Image-2-avr.-2025-23_29_58-e1743629806807-1024x509.png 1024w, https:\/\/rbl5116b.mmiweb.iut-tlse3.fr\/wp-content\/uploads\/2025\/04\/ChatGPT-Image-2-avr.-2025-23_29_58-e1743629806807-768x382.png 768w\" sizes=\"(max-width: 1536px) 100vw, 1536px\" \/>\t\t\t\t\t\t\t\t\t\t\t\t\t\t\t<\/div>\n\t\t\t\t<\/div>\n\t\t\t\t<div class=\"elementor-element elementor-element-bf58985 elementor-widget elementor-widget-image\" data-id=\"bf58985\" data-element_type=\"widget\" data-e-type=\"widget\" data-widget_type=\"image.default\">\n\t\t\t\t<div class=\"elementor-widget-container\">\n\t\t\t\t\t\t\t\t\t\t\t\t\t\t\t<img alt=\"\" decoding=\"async\" width=\"1536\" height=\"1024\" src=\"https:\/\/rbl5116b.mmiweb.iut-tlse3.fr\/wp-content\/uploads\/2025\/04\/ChatGPT-Image-2-avr.-2025-20_49_02.png\" class=\"attachment-full size-full wp-image-416\" alt=\"\" srcset=\"https:\/\/rbl5116b.mmiweb.iut-tlse3.fr\/wp-content\/uploads\/2025\/04\/ChatGPT-Image-2-avr.-2025-20_49_02.png 1536w, https:\/\/rbl5116b.mmiweb.iut-tlse3.fr\/wp-content\/uploads\/2025\/04\/ChatGPT-Image-2-avr.-2025-20_49_02-300x200.png 300w, https:\/\/rbl5116b.mmiweb.iut-tlse3.fr\/wp-content\/uploads\/2025\/04\/ChatGPT-Image-2-avr.-2025-20_49_02-1024x683.png 1024w, https:\/\/rbl5116b.mmiweb.iut-tlse3.fr\/wp-content\/uploads\/2025\/04\/ChatGPT-Image-2-avr.-2025-20_49_02-768x512.png 768w\" sizes=\"(max-width: 1536px) 100vw, 1536px\" \/>\t\t\t\t\t\t\t\t\t\t\t\t\t\t\t<\/div>\n\t\t\t\t<\/div>\n\t\t\t\t\t<\/div>\n\t\t\t\t<\/div>\n\t\t<div class=\"elementor-element elementor-element-5ec1ad9 e-flex e-con-boxed e-con e-parent\" data-id=\"5ec1ad9\" data-element_type=\"container\" data-e-type=\"container\">\n\t\t\t\t\t<div class=\"e-con-inner\">\n\t\t\t\t<div class=\"elementor-element elementor-element-61ee14e elementor-widget elementor-widget-text-editor\" data-id=\"61ee14e\" data-element_type=\"widget\" data-e-type=\"widget\" data-widget_type=\"text-editor.default\">\n\t\t\t\t<div class=\"elementor-widget-container\">\n\t\t\t\t\t\t\t\t\t<div><span style=\"color: inherit; font-family: inherit; font-size: 1.75rem; text-align: var(--text-align); background-color: var( --e-global-color-d248e44 );\">Ce qu\u2019on propose<\/span><\/div>\n<blockquote data-start=\"1607\" data-end=\"1701\">\n<p data-start=\"1609\" data-end=\"1701\">Nous te proposons <strong data-start=\"1627\" data-end=\"1670\">des sessions d\u2019enregistrement \u00e0 l\u2019heure<\/strong>, adapt\u00e9es \u00e0 tous les profils :<\/p>\n<\/blockquote>\n<ul data-start=\"1702\" data-end=\"1781\">\n<li data-start=\"1702\" data-end=\"1720\">\n<p data-start=\"1704\" data-end=\"1720\"><strong data-start=\"1704\" data-end=\"1720\">Rappeur solo<\/strong><\/p>\n<\/li>\n<li data-start=\"1721\" data-end=\"1739\">\n<p data-start=\"1723\" data-end=\"1739\"><strong data-start=\"1723\" data-end=\"1739\">Duo \/ Groupe<\/strong><\/p>\n<\/li>\n<li data-start=\"1740\" data-end=\"1755\">\n<p data-start=\"1742\" data-end=\"1755\"><strong data-start=\"1742\" data-end=\"1755\">Beatmaker<\/strong><\/p>\n<\/li>\n<li data-start=\"1756\" data-end=\"1781\">\n<p data-start=\"1758\" data-end=\"1781\"><strong data-start=\"1758\" data-end=\"1781\">Cr\u00e9ateur de podcast<\/strong><\/p>\n<\/li>\n<\/ul>\n<p data-start=\"1783\" data-end=\"1948\">Tu r\u00e9serves ton cr\u00e9neau, tu viens poser, et tu repars avec un son propre.<br data-start=\"1856\" data-end=\"1859\"><strong data-start=\"1862\" data-end=\"1891\">Le mixage et le mastering<\/strong> sont disponibles en option si tu veux un rendu plus pro.<\/p>\n<p data-start=\"1950\" data-end=\"2031\">Pas de surproduction, pas de prise de t\u00eate. Juste <strong data-start=\"2000\" data-end=\"2030\">toi, ton son, ton ambiance<\/strong>.<\/p>\n<h3 data-start=\"2038\" data-end=\"2071\">Pourquoi choisir Stud&rsquo;LR ?<\/h3>\n<ul data-start=\"2073\" data-end=\"2396\">\n<li data-start=\"2073\" data-end=\"2121\">\n<p data-start=\"2075\" data-end=\"2121\"><strong data-start=\"2075\" data-end=\"2093\">Un vrai studio<\/strong>, pas une chambre bricol\u00e9e<\/p>\n<\/li>\n<li data-start=\"2122\" data-end=\"2185\">\n<p data-start=\"2124\" data-end=\"2185\"><strong data-start=\"2124\" data-end=\"2142\">Un cadre chill<\/strong>, lumi\u00e8res tamis\u00e9es et acoustique soign\u00e9e<\/p>\n<\/li>\n<li data-start=\"2186\" data-end=\"2243\">\n<p data-start=\"2188\" data-end=\"2243\"><strong data-start=\"2188\" data-end=\"2209\">Des tarifs justes<\/strong>, transparents et sans surprises<\/p>\n<\/li>\n<li data-start=\"2244\" data-end=\"2298\">\n<p data-start=\"2246\" data-end=\"2298\"><strong data-start=\"2246\" data-end=\"2274\">Un accompagnement humain<\/strong>, discret mais pr\u00e9sent<\/p>\n<\/li>\n<li data-start=\"2299\" data-end=\"2396\">\n<p data-start=\"2301\" data-end=\"2396\"><strong data-start=\"2301\" data-end=\"2336\">Un respect total de ton univers<\/strong>, que tu sois dans le rap, la trap, le chant ou le podcast<\/p>\n<\/li>\n<\/ul>\n<p data-start=\"2403\" data-end=\"2557\"><strong data-start=\"2407\" data-end=\"2418\">Stud&rsquo;LR<\/strong>, c\u2019est ton espace de cr\u00e9ation.<br data-start=\"2449\" data-end=\"2452\">Un lieu qui respecte ton flow, ton rythme, tes id\u00e9es.<br data-start=\"2505\" data-end=\"2508\">Un lieu n\u00e9 de la passion et pens\u00e9 pour la tienne.<\/p>\n<p data-start=\"2564\" data-end=\"2678\"><strong data-start=\"2567\" data-end=\"2578\">Stud&rsquo;LR<\/strong> \u2013 42 rue de la R\u00e9sonance, Toulouse<br data-start=\"2613\" data-end=\"2616\"><strong data-start=\"2616\" data-end=\"2678\">R\u00e9serve ton cr\u00e9neau, pose ton son, fais vibrer ton projet.<\/strong><\/p>\t\t\t\t\t\t\t\t<\/div>\n\t\t\t\t<\/div>\n\t\t\t\t\t<\/div>\n\t\t\t\t<\/div>\n\t\t\t\t<\/div>\n\t\t","protected":false},"excerpt":{"rendered":"<p>Qui sommes-nous ? Bienvenue chez&nbsp;Stud&rsquo;LR, studio d\u2019enregistrement urbain fond\u00e9 \u00e0 Toulouse en&nbsp;d\u00e9but d\u2019ann\u00e9e 2024.Nich\u00e9 au c\u0153ur de la ville rose, au&nbsp;42 rue de la R\u00e9sonance, le studio a \u00e9t\u00e9 cr\u00e9\u00e9 par un passionn\u00e9 de musique anim\u00e9 par un seul objectif :&nbsp;offrir \u00e0 tous les artistes un lieu accessible, de qualit\u00e9 et inspirant. Une vision simple [&hellip;]<\/p>\n","protected":false},"author":1,"featured_media":536,"parent":0,"menu_order":0,"comment_status":"closed","ping_status":"closed","template":"","meta":{"_acf_changed":false,"_seopress_robots_primary_cat":"","_seopress_titles_title":"","_seopress_titles_desc":"","_seopress_robots_index":"","footnotes":""},"class_list":["post-373","page","type-page","status-publish","has-post-thumbnail","hentry"],"acf":[],"_links":{"self":[{"href":"https:\/\/rbl5116b.mmiweb.iut-tlse3.fr\/StudLR\/wp-json\/wp\/v2\/pages\/373","targetHints":{"allow":["GET"]}}],"collection":[{"href":"https:\/\/rbl5116b.mmiweb.iut-tlse3.fr\/StudLR\/wp-json\/wp\/v2\/pages"}],"about":[{"href":"https:\/\/rbl5116b.mmiweb.iut-tlse3.fr\/StudLR\/wp-json\/wp\/v2\/types\/page"}],"author":[{"embeddable":true,"href":"https:\/\/rbl5116b.mmiweb.iut-tlse3.fr\/StudLR\/wp-json\/wp\/v2\/users\/1"}],"replies":[{"embeddable":true,"href":"https:\/\/rbl5116b.mmiweb.iut-tlse3.fr\/StudLR\/wp-json\/wp\/v2\/comments?post=373"}],"version-history":[{"count":22,"href":"https:\/\/rbl5116b.mmiweb.iut-tlse3.fr\/StudLR\/wp-json\/wp\/v2\/pages\/373\/revisions"}],"predecessor-version":[{"id":567,"href":"https:\/\/rbl5116b.mmiweb.iut-tlse3.fr\/StudLR\/wp-json\/wp\/v2\/pages\/373\/revisions\/567"}],"wp:featuredmedia":[{"embeddable":true,"href":"https:\/\/rbl5116b.mmiweb.iut-tlse3.fr\/StudLR\/wp-json\/wp\/v2\/media\/536"}],"wp:attachment":[{"href":"https:\/\/rbl5116b.mmiweb.iut-tlse3.fr\/StudLR\/wp-json\/wp\/v2\/media?parent=373"}],"curies":[{"name":"wp","href":"https:\/\/api.w.org\/{rel}","templated":true}]}}